{"id":298,"date":"2024-07-07T15:19:50","date_gmt":"2024-07-07T15:19:50","guid":{"rendered":"https:\/\/philipp-delias.com\/?page_id=298"},"modified":"2024-11-23T21:56:11","modified_gmt":"2024-11-23T21:56:11","slug":"uber-mich","status":"publish","type":"page","link":"https:\/\/philipp-delias.com\/index.php\/uber-mich\/","title":{"rendered":"\u00dcber mich"},"content":{"rendered":"\t\t<div data-elementor-type=\"wp-page\" data-elementor-id=\"298\" class=\"elementor elementor-298\">\n\t\t\t\t\t\t<section class=\"elementor-section elementor-top-section elementor-element elementor-element-4cfd2d9 elementor-section-boxed elementor-section-height-default elementor-section-height-default\" data-id=\"4cfd2d9\" data-element_type=\"section\" data-e-type=\"section\">\n\t\t\t\t\t\t<div class=\"elementor-container elementor-column-gap-default\">\n\t\t\t\t\t<div class=\"elementor-column elementor-col-50 elementor-top-column elementor-element elementor-element-5a2c81c\" data-id=\"5a2c81c\" data-element_type=\"column\" data-e-type=\"column\">\n\t\t\t<div class=\"elementor-widget-wrap elementor-element-populated\">\n\t\t\t\t\t\t<div class=\"elementor-element elementor-element-a93584b elementor-widget elementor-widget-image\" data-id=\"a93584b\" data-element_type=\"widget\" data-e-type=\"widget\" data-widget_type=\"image.default\">\n\t\t\t\t<div class=\"elementor-widget-container\">\n\t\t\t\t\t\t\t\t\t\t\t\t\t\t\t<img fetchpriority=\"high\" decoding=\"async\" width=\"768\" height=\"1024\" src=\"https:\/\/philipp-delias.com\/wp-content\/uploads\/2024\/08\/IMG_1842-768x1024.jpeg\" class=\"attachment-large size-large wp-image-351\" alt=\"\" srcset=\"https:\/\/philipp-delias.com\/wp-content\/uploads\/2024\/08\/IMG_1842-768x1023.jpeg 768w, https:\/\/philipp-delias.com\/wp-content\/uploads\/2024\/08\/IMG_1842-225x300.jpeg 225w, https:\/\/philipp-delias.com\/wp-content\/uploads\/2024\/08\/IMG_1842-1153x1536.jpeg 1153w, https:\/\/philipp-delias.com\/wp-content\/uploads\/2024\/08\/IMG_1842-1537x2048.jpeg 1537w, https:\/\/philipp-delias.com\/wp-content\/uploads\/2024\/08\/IMG_1842-720x959.jpeg 720w, https:\/\/philipp-delias.com\/wp-content\/uploads\/2024\/08\/IMG_1842-1200x1599.jpeg 1200w, https:\/\/philipp-delias.com\/wp-content\/uploads\/2024\/08\/IMG_1842-scaled.jpeg 1921w\" sizes=\"(max-width: 768px) 100vw, 768px\" \/>\t\t\t\t\t\t\t\t\t\t\t\t\t\t\t<\/div>\n\t\t\t\t<\/div>\n\t\t\t\t\t<\/div>\n\t\t<\/div>\n\t\t\t\t<div class=\"elementor-column elementor-col-50 elementor-top-column elementor-element elementor-element-3e43031\" data-id=\"3e43031\" data-element_type=\"column\" data-e-type=\"column\">\n\t\t\t<div class=\"elementor-widget-wrap elementor-element-populated\">\n\t\t\t\t\t\t<div class=\"elementor-element elementor-element-ad972c7 elementor-widget elementor-widget-text-editor\" data-id=\"ad972c7\" data-element_type=\"widget\" data-e-type=\"widget\" data-widget_type=\"text-editor.default\">\n\t\t\t\t<div class=\"elementor-widget-container\">\n\t\t\t\t\t\t\t\t\t<p style=\"background-color: #333333; margin-bottom: 30px; letter-spacing: normal; font-family: Muli;\">Herzlich Willkommen auf meiner Website! Mein Name ist Philipp Delias, und ich bin ein leidenschaftlicher und kreativer Lernmedien Entwickler.<br><span style=\"background-color: #333333; font-weight: var( --e-global-typography-text-font-weight );\"><br>Mit umfangreicher Erfahrung in verschiedenen Bildungsbereichen bin ich bestrebt, ansprechende und effektive Lernl\u00f6sungen zu entwickeln, die auf die individuellen Bed\u00fcrfnisse und Ziele der Lernenden zugeschnitten sind.<\/span><\/p>\n<p style=\"background-color: #333333; margin-bottom: 30px; letter-spacing: normal; font-family: Muli;\"><span style=\"background-color: #333333; font-weight: var( --e-global-typography-text-font-weight );\"><br>Durch meine T\u00e4tigkeit bei der Commerz Direktservice GmbH und als freiberuflicher Berater f\u00fcr Lernmedienproduktion konnte ich meine F\u00e4higkeiten in der Konzeption, Koordination und Administration von Trainingsma\u00dfnahmen stets weiterentwickeln. Ich habe ein besonderes Interesse daran, aktuelle Trends und Bedarfe in den Lernkonzepten zu ber\u00fccksichtigen, um das bestehende Lern- und Entwicklungsportfolio kontinuierlich zu erweitern und zu optimieren.<\/span><\/p>\n<p style=\"background-color: #333333; margin-bottom: 30px; letter-spacing: normal; font-family: Muli;\"><span style=\"background-color: #333333; font-weight: var( --e-global-typography-text-font-weight );\"><br>Meine kreativen F\u00e4higkeiten und technischen Kenntnisse erm\u00f6glichen es mir, ansprechende WBTs und Erkl\u00e4rvideos f\u00fcr unterschiedliche Zielgruppen mit Articulate, Adobe Captivate und Powtoon zu erstellen. Dar\u00fcber hinaus bringe ich umfassende Kenntnisse im Bereich Technik und Hardware mit, die ich in der Beratung und Entwicklung von Lernmedien einsetze.<\/span><\/p>\n<p style=\"background-color: #333333; margin-bottom: 30px; letter-spacing: normal; font-family: Muli;\"><span style=\"background-color: #333333; font-weight: var( --e-global-typography-text-font-weight );\"><br>Meine Hands-on-Mentalit\u00e4t und meine F\u00e4higkeit, innovative L\u00f6sungen zu entwickeln, zeichnen mich aus. Ich habe eine Leidenschaft f\u00fcr das Schaffen von Mehrwert durch kreative und effektive Bildungsstrategien.<\/span><\/p>\n<p style=\"background-color: #333333; margin-bottom: 30px; letter-spacing: normal; font-family: Muli;\"><span style=\"background-color: #333333; font-weight: var( --e-global-typography-text-font-weight );\"><br>Zudem bin ich ein Technik-Enthusiast und liebe es, mich mit den neuesten Entwicklungen und Gadgets auseinanderzusetzen. Diese Begeisterung f\u00fcr Technik spiegelt sich in meiner Arbeit wider und hilft mir, innovative und effiziente L\u00f6sungen zu entwickeln.<\/span><\/p>\n<p style=\"background-color: #333333; margin-bottom: 30px; letter-spacing: normal; font-family: Muli;\"><span style=\"background-color: #333333; font-weight: var( --e-global-typography-text-font-weight );\"><br>In meiner Freizeit koche ich leidenschaftlich gerne und experimentiere mit neuen Rezepten, insbesondere mit japanischen und internationalen Gerichten. Das Kochen ist f\u00fcr mich eine kreative Auszeit, die mir neue Energie und Inspiration f\u00fcr meine beruflichen Projekte gibt.<\/span><\/p>\n<p style=\"background-color: #333333; margin-bottom: 30px; letter-spacing: normal; font-family: Muli;\"><span style=\"background-color: #333333; font-weight: var( --e-global-typography-text-font-weight );\"><br>Ich lade dich ein, dass du dich auf meiner Website umschaust, um mehr \u00fcber meine Projekte, Erfahrungen und Qualifikationen zu erfahren. Bei Fragen oder Interesse an einer Zusammenarbeit freue ich mich \u00fcber eine Kontaktaufnahme!<\/span><\/p>\n<p style=\"background-color: #333333; letter-spacing: normal; font-family: Muli;\">\n<\/p>\t\t\t\t\t\t\t\t<\/div>\n\t\t\t\t<\/div>\n\t\t\t\t\t<\/div>\n\t\t<\/div>\n\t\t\t\t\t<\/div>\n\t\t<\/section>\n\t\t\t\t<\/div>\n\t\t","protected":false},"excerpt":{"rendered":"<p>Herzlich Willkommen auf meiner Website! Mein Name ist Philipp Delias, und ich bin ein leidenschaftlicher und kreativer Lernmedien Entwickler. Mit umfangreicher Erfahrung in verschiedenen Bildungsbereichen bin ich bestrebt, ansprechende und effektive Lernl\u00f6sungen zu entwickeln, die auf die individuellen Bed\u00fcrfnisse und Ziele der Lernenden zugeschnitten sind. Durch meine T\u00e4tigkeit bei der Commerz Direktservice GmbH und als [&hellip;]<\/p>\n","protected":false},"author":1,"featured_media":0,"parent":0,"menu_order":0,"comment_status":"closed","ping_status":"closed","template":"","meta":{"om_disable_all_campaigns":false,"_monsterinsights_skip_tracking":false,"_monsterinsights_sitenote_active":false,"_monsterinsights_sitenote_note":"","_monsterinsights_sitenote_category":0,"footnotes":""},"class_list":["post-298","page","type-page","status-publish","hentry"],"aioseo_notices":[],"_links":{"self":[{"href":"https:\/\/philipp-delias.com\/index.php\/wp-json\/wp\/v2\/pages\/298","targetHints":{"allow":["GET"]}}],"collection":[{"href":"https:\/\/philipp-delias.com\/index.php\/wp-json\/wp\/v2\/pages"}],"about":[{"href":"https:\/\/philipp-delias.com\/index.php\/wp-json\/wp\/v2\/types\/page"}],"author":[{"embeddable":true,"href":"https:\/\/philipp-delias.com\/index.php\/wp-json\/wp\/v2\/users\/1"}],"replies":[{"embeddable":true,"href":"https:\/\/philipp-delias.com\/index.php\/wp-json\/wp\/v2\/comments?post=298"}],"version-history":[{"count":11,"href":"https:\/\/philipp-delias.com\/index.php\/wp-json\/wp\/v2\/pages\/298\/revisions"}],"predecessor-version":[{"id":374,"href":"https:\/\/philipp-delias.com\/index.php\/wp-json\/wp\/v2\/pages\/298\/revisions\/374"}],"wp:attachment":[{"href":"https:\/\/philipp-delias.com\/index.php\/wp-json\/wp\/v2\/media?parent=298"}],"curies":[{"name":"wp","href":"https:\/\/api.w.org\/{rel}","templated":true}]}}